{"id":1035,"date":"2017-11-18T21:27:18","date_gmt":"2017-11-18T21:27:18","guid":{"rendered":"http:\/\/wordpress.bellacura.de\/?page_id=1035"},"modified":"2017-11-19T13:15:21","modified_gmt":"2017-11-19T13:15:21","slug":"produkteklavicura-2","status":"publish","type":"page","link":"https:\/\/bellacura.de\/en\/produkteklavicura-2\/","title":{"rendered":"ProdukteKlavicura-2"},"content":{"rendered":"<p>[vc_row css=&#8221;.vc_custom_1509350265886{margin-top: -80px !important;}&#8221;][vc_column]\n\t\t\t<!-- START Produkte REVOLUTION SLIDER 6.5.14 --><p class=\"rs-p-wp-fix\"><\/p>\n\t\t\t<rs-module-wrap id=\"rev_slider_20_1_wrapper\" data-source=\"gallery\" style=\"visibility:hidden;background:transparent;padding:0;margin:0px auto;margin-top:0;margin-bottom:0;\">\n\t\t\t\t<rs-module id=\"rev_slider_20_1\" style=\"\" data-version=\"6.5.14\">\n\t\t\t\t\t<rs-slides>\n\t\t\t\t\t\t<rs-slide style=\"position: absolute;\" data-key=\"rs-53\" data-title=\"Slide\" data-anim=\"ms:600;\" data-in=\"o:0;\" data-out=\"a:false;\">\n\t\t\t\t\t\t\t<img src=\"\/\/bellacura.de\/wp-content\/plugins\/revslider\/public\/assets\/assets\/dummy.png\" alt=\"\" title=\"ProdukteKlavicura-2\" class=\"rev-slidebg tp-rs-img rs-lazyload\" data-lazyload=\"\/\/bellacura.de\/wp-content\/uploads\/2017\/11\/slider_3.jpg\" data-no-retina>\n<!---->\t\t\t\t\t\t<\/rs-slide>\n\t\t\t\t\t\t<rs-slide style=\"position: absolute;\" data-key=\"rs-52\" data-title=\"Slide\" data-anim=\"ms:600;\" data-in=\"o:0;\" data-out=\"a:false;\">\n\t\t\t\t\t\t\t<img src=\"\/\/bellacura.de\/wp-content\/plugins\/revslider\/public\/assets\/assets\/dummy.png\" alt=\"\" title=\"ProdukteKlavicura-2\" class=\"rev-slidebg tp-rs-img rs-lazyload\" data-lazyload=\"\/\/bellacura.de\/wp-content\/uploads\/2017\/11\/slider_2.jpg\" data-no-retina>\n<!---->\t\t\t\t\t\t<\/rs-slide>\n\t\t\t\t\t\t<rs-slide style=\"position: absolute;\" data-key=\"rs-54\" data-title=\"Slide\" data-anim=\"ms:600;\" data-in=\"o:0;\" data-out=\"a:false;\">\n\t\t\t\t\t\t\t<img src=\"\/\/bellacura.de\/wp-content\/plugins\/revslider\/public\/assets\/assets\/dummy.png\" alt=\"\" title=\"ProdukteKlavicura-2\" class=\"rev-slidebg tp-rs-img rs-lazyload\" data-lazyload=\"\/\/bellacura.de\/wp-content\/uploads\/2017\/11\/slider_4-1.jpg\" data-no-retina>\n<!---->\t\t\t\t\t\t<\/rs-slide>\n\t\t\t\t\t<\/rs-slides>\n\t\t\t\t<\/rs-module>\n\t\t\t\t<script>\n\t\t\t\t\tsetREVStartSize({c: 'rev_slider_20_1',rl:[1240,1240,1240,480],el:[],gw:[1920,1920,1920,480],gh:[730,730,730,330],type:'standard',justify:'',layout:'fullwidth',mh:\"0\"});if (window.RS_MODULES!==undefined && window.RS_MODULES.modules!==undefined && window.RS_MODULES.modules[\"revslider201\"]!==undefined) {window.RS_MODULES.modules[\"revslider201\"].once = false;window.revapi20 = undefined;if (window.RS_MODULES.checkMinimal!==undefined) window.RS_MODULES.checkMinimal()}\n\t\t\t\t<\/script>\n\t\t\t<\/rs-module-wrap>\n\t\t\t<!-- END REVOLUTION SLIDER -->\n[\/vc_column][\/vc_row][vc_row css=&#8221;.vc_custom_1509664206428{margin-top: 50px !important;}&#8221;][vc_column][vc_column_text]<\/p>\n<p style=\"text-align: center;\"><strong>KLAVICURA-PIGMENT-DUNKEL<\/strong><br \/>\nPflegt und frischt strapazierte Oberfl\u00e4chen von dunklen und insbesondere schwarzen<br \/>\nKlavieren und Fl\u00fcgeln auf. Es deckt kleine Kratzer, Verf\u00e4rbungen und Sch\u00e4den ab.<br \/>\nPigment Dunkel f\u00fcllt Lacksch\u00e4den nicht porentief auf.<\/p>\n<p style=\"text-align: center;\">Anwendung:<br \/>\nVor Gebrauch kr\u00e4ftig sch\u00fctteln!<br \/>\nKLAVICURA-PIGMENT-DUNKEL wird auf ein sauberes, fusselfreies Tuch gegeben und dann an der schadhaften Stelle in Maserrichtung d\u00fcnn und gleichm\u00e4\u00dfig aufgetragen<br \/>\nund sogleich trockenpoliert. Mehrfache Anwendung ist unbedenklich!<\/p>\n<p style=\"text-align: center;\">Wichtige Hinweise:<br \/>\nStets eine Probe an wenig sichtbarer Stelle machen!<br \/>\nDieses Produkt ist entz\u00fcndlich und gesundheitssch\u00e4dlich!<br \/>\nInhaltsstoffe: \u00dcber 30% aliphatische Kohlenwasserstoffe, Duftstoffe,<br \/>\nHexyleinnamal, Linanool, Wei\u00df\u00f6l in medizinischer Qualit\u00e4t, Farbstoffe<\/p>\n<p style=\"text-align: center;\">Darf nicht in die H\u00e4nde von Kindern gelangen!<\/p>\n<p style=\"text-align: center;\"><a href=\"http:\/\/bellacura.de\/produkte-2\/\">Zur\u00fcck zu den Produktbeschreibungen<\/a><\/p>\n<p>[\/vc_column_text][\/vc_column][\/vc_row][vc_row css=&#8221;.vc_custom_1511038508961{margin-top: 10px !important;margin-bottom: 30px !important;}&#8221;][vc_column][vc_column_text]<img decoding=\"async\" loading=\"lazy\" class=\"wp-image-927 aligncenter\" src=\"http:\/\/bellacura.de\/wp-content\/uploads\/2017\/11\/PianoVector.png\" alt=\"\" width=\"200\" height=\"78\" \/>[\/vc_column_text][\/vc_column][\/vc_row]<\/p>\n","protected":false},"excerpt":{"rendered":"<p>[vc_row css=&#8221;.vc_custom_1509350265886{margin-top: -80px !important;}&#8221;][vc_column][\/vc_column][\/vc_row][vc_row css=&#8221;.vc_custom_1509664206428{margin-top: 50px !important;}&#8221;][vc_column][vc_column_text] KLAVICURA-PIGMENT-DUNKEL Pflegt und frischt strapazierte Oberfl\u00e4chen von dunklen und insbesondere schwarzen Klavieren und Fl\u00fcgeln auf. Es deckt kleine Kratzer, Verf\u00e4rbungen und Sch\u00e4den ab. Pigment Dunkel f\u00fcllt Lacksch\u00e4den nicht porentief auf. Anwendung: Vor Gebrauch kr\u00e4ftig sch\u00fctteln! KLAVICURA-PIGMENT-DUNKEL wird auf ein sauberes, fusselfreies Tuch gegeben und dann an der schadhaften [&hellip;]<\/p>\n","protected":false},"author":3,"featured_media":0,"parent":0,"menu_order":0,"comment_status":"closed","ping_status":"closed","template":"","meta":[],"translation":{"provider":"WPGlobus","version":"2.10.10","language":"en","enabled_languages":["de","en"],"languages":{"de":{"title":true,"content":true,"excerpt":false},"en":{"title":false,"content":false,"excerpt":false}}},"_links":{"self":[{"href":"https:\/\/bellacura.de\/en\/wp-json\/wp\/v2\/pages\/1035"}],"collection":[{"href":"https:\/\/bellacura.de\/en\/wp-json\/wp\/v2\/pages"}],"about":[{"href":"https:\/\/bellacura.de\/en\/wp-json\/wp\/v2\/types\/page"}],"author":[{"embeddable":true,"href":"https:\/\/bellacura.de\/en\/wp-json\/wp\/v2\/users\/3"}],"replies":[{"embeddable":true,"href":"https:\/\/bellacura.de\/en\/wp-json\/wp\/v2\/comments?post=1035"}],"version-history":[{"count":4,"href":"https:\/\/bellacura.de\/en\/wp-json\/wp\/v2\/pages\/1035\/revisions"}],"predecessor-version":[{"id":1054,"href":"https:\/\/bellacura.de\/en\/wp-json\/wp\/v2\/pages\/1035\/revisions\/1054"}],"wp:attachment":[{"href":"https:\/\/bellacura.de\/en\/wp-json\/wp\/v2\/media?parent=1035"}],"curies":[{"name":"wp","href":"https:\/\/api.w.org\/{rel}","templated":true}]}}