{"id":1023,"date":"2017-11-18T20:58:42","date_gmt":"2017-11-18T20:58:42","guid":{"rendered":"http:\/\/wordpress.bellacura.de\/?page_id=1023"},"modified":"2019-03-08T09:11:20","modified_gmt":"2019-03-08T09:11:20","slug":"produkte-bellacura-griffbrettoel","status":"publish","type":"page","link":"https:\/\/bellacura.de\/en\/produkte-bellacura-griffbrettoel\/","title":{"rendered":"Produkte Bellacura Griffbrett\u00f6l"},"content":{"rendered":"<p>[vc_row css=&#8221;.vc_custom_1509350265886{margin-top: -80px !important;}&#8221;][vc_column]\n\t\t\t<!-- START Produkte REVOLUTION SLIDER 6.5.14 --><p class=\"rs-p-wp-fix\"><\/p>\n\t\t\t<rs-module-wrap id=\"rev_slider_20_1_wrapper\" data-source=\"gallery\" style=\"visibility:hidden;background:transparent;padding:0;margin:0px auto;margin-top:0;margin-bottom:0;\">\n\t\t\t\t<rs-module id=\"rev_slider_20_1\" style=\"\" data-version=\"6.5.14\">\n\t\t\t\t\t<rs-slides>\n\t\t\t\t\t\t<rs-slide style=\"position: absolute;\" data-key=\"rs-53\" data-title=\"Slide\" data-anim=\"ms:600;\" data-in=\"o:0;\" data-out=\"a:false;\">\n\t\t\t\t\t\t\t<img src=\"\/\/bellacura.de\/wp-content\/plugins\/revslider\/public\/assets\/assets\/dummy.png\" alt=\"\" title=\"Produkte Bellacura Griffbrett\u00f6l\" class=\"rev-slidebg tp-rs-img rs-lazyload\" data-lazyload=\"\/\/bellacura.de\/wp-content\/uploads\/2017\/11\/slider_3.jpg\" data-no-retina>\n<!---->\t\t\t\t\t\t<\/rs-slide>\n\t\t\t\t\t\t<rs-slide style=\"position: absolute;\" data-key=\"rs-52\" data-title=\"Slide\" data-anim=\"ms:600;\" data-in=\"o:0;\" data-out=\"a:false;\">\n\t\t\t\t\t\t\t<img src=\"\/\/bellacura.de\/wp-content\/plugins\/revslider\/public\/assets\/assets\/dummy.png\" alt=\"\" title=\"Produkte Bellacura Griffbrett\u00f6l\" class=\"rev-slidebg tp-rs-img rs-lazyload\" data-lazyload=\"\/\/bellacura.de\/wp-content\/uploads\/2017\/11\/slider_2.jpg\" data-no-retina>\n<!---->\t\t\t\t\t\t<\/rs-slide>\n\t\t\t\t\t\t<rs-slide style=\"position: absolute;\" data-key=\"rs-54\" data-title=\"Slide\" data-anim=\"ms:600;\" data-in=\"o:0;\" data-out=\"a:false;\">\n\t\t\t\t\t\t\t<img src=\"\/\/bellacura.de\/wp-content\/plugins\/revslider\/public\/assets\/assets\/dummy.png\" alt=\"\" title=\"Produkte Bellacura Griffbrett\u00f6l\" class=\"rev-slidebg tp-rs-img rs-lazyload\" data-lazyload=\"\/\/bellacura.de\/wp-content\/uploads\/2017\/11\/slider_4-1.jpg\" data-no-retina>\n<!---->\t\t\t\t\t\t<\/rs-slide>\n\t\t\t\t\t<\/rs-slides>\n\t\t\t\t<\/rs-module>\n\t\t\t\t<script>\n\t\t\t\t\tsetREVStartSize({c: 'rev_slider_20_1',rl:[1240,1240,1240,480],el:[],gw:[1920,1920,1920,480],gh:[730,730,730,330],type:'standard',justify:'',layout:'fullwidth',mh:\"0\"});if (window.RS_MODULES!==undefined && window.RS_MODULES.modules!==undefined && window.RS_MODULES.modules[\"revslider201\"]!==undefined) {window.RS_MODULES.modules[\"revslider201\"].once = false;window.revapi20 = undefined;if (window.RS_MODULES.checkMinimal!==undefined) window.RS_MODULES.checkMinimal()}\n\t\t\t\t<\/script>\n\t\t\t<\/rs-module-wrap>\n\t\t\t<!-- END REVOLUTION SLIDER -->\n[\/vc_column][\/vc_row][vc_row css=&#8221;.vc_custom_1509664206428{margin-top: 50px !important;}&#8221;][vc_column][vc_column_text]<\/p>\n<p style=\"text-align: center;\"><strong>BELLACURA Griffbrett\u00f6l<\/strong><br \/>\nBlunted fingerboards of stringed instruments may be cleaned and refreshed by the fingerboard oil: BELLACURA Griffbrett\u00f6l.<br \/>\nBy the frequent use of the BELLACURA Griffbrett\u00f6l,<br \/>\nthe flexibility of the instrument\u2019s surface can be maintained and cracking avoided.<br \/>\nAn optimal balance in between the sliding and static friction of the fingers will be accomplished.<br \/>\nThe cleaning with the BELLACURA Griffbrett\u00f6l achieves great results, especially in case of fingerboards with frets.<br \/>\nIn this case, the oil also reaches the transitions in between wood and the frets which are difficult to access.<\/p>\n<p style=\"text-align: center;\"><strong>Usage:<\/strong><br \/>\nWe recommend to remove the strings of plucked instruments or,<br \/>\nif desired, to combine the fingerboard oil treatment with an overall string exchange.<br \/>\nThe oil can be directly applied onto the fingerboard in small amounts through the grommet.<br \/>\nRub the oil immediately with a thin cloth or a small brush into the wood.<br \/>\nBy doing so, please pay utmost attention to the frets.<\/p>\n<p style=\"text-align: center;\"><a href=\"https:\/\/bellacura.de\/en\/produktbeschreibungen\/\">Back to the product description<\/a><\/p>\n<p>[\/vc_column_text][\/vc_column][\/vc_row][vc_row css=&#8221;.vc_custom_1511038508961{margin-top: 10px !important;margin-bottom: 30px !important;}&#8221;][vc_column][vc_column_text]<img decoding=\"async\" loading=\"lazy\" class=\"wp-image-935 aligncenter\" src=\"https:\/\/bellacura.de\/wp-content\/uploads\/2017\/11\/ViolinVector-4.png\" alt=\"\" width=\"150\" height=\"284\" srcset=\"https:\/\/bellacura.de\/wp-content\/uploads\/2017\/11\/ViolinVector-4.png 512w, https:\/\/bellacura.de\/wp-content\/uploads\/2017\/11\/ViolinVector-4-381x720.png 381w\" sizes=\"(max-width: 150px) 100vw, 150px\" \/>[\/vc_column_text][\/vc_column][\/vc_row]<\/p>\n","protected":false},"excerpt":{"rendered":"<p>[vc_row css=&#8221;.vc_custom_1509350265886{margin-top: -80px !important;}&#8221;][vc_column][\/vc_column][\/vc_row][vc_row css=&#8221;.vc_custom_1509664206428{margin-top: 50px !important;}&#8221;][vc_column][vc_column_text] BELLACURA Griffbrett\u00f6l Blunted fingerboards of stringed instruments may be cleaned and refreshed by the fingerboard oil: BELLACURA Griffbrett\u00f6l. By the frequent use of the BELLACURA Griffbrett\u00f6l, the flexibility of the instrument\u2019s surface can be maintained and cracking avoided. An optimal balance in between the sliding and static friction [&hellip;]<\/p>\n","protected":false},"author":3,"featured_media":0,"parent":0,"menu_order":0,"comment_status":"closed","ping_status":"closed","template":"","meta":[],"translation":{"provider":"WPGlobus","version":"2.10.10","language":"en","enabled_languages":["de","en"],"languages":{"de":{"title":true,"content":true,"excerpt":false},"en":{"title":false,"content":true,"excerpt":false}}},"_links":{"self":[{"href":"https:\/\/bellacura.de\/en\/wp-json\/wp\/v2\/pages\/1023"}],"collection":[{"href":"https:\/\/bellacura.de\/en\/wp-json\/wp\/v2\/pages"}],"about":[{"href":"https:\/\/bellacura.de\/en\/wp-json\/wp\/v2\/types\/page"}],"author":[{"embeddable":true,"href":"https:\/\/bellacura.de\/en\/wp-json\/wp\/v2\/users\/3"}],"replies":[{"embeddable":true,"href":"https:\/\/bellacura.de\/en\/wp-json\/wp\/v2\/comments?post=1023"}],"version-history":[{"count":8,"href":"https:\/\/bellacura.de\/en\/wp-json\/wp\/v2\/pages\/1023\/revisions"}],"predecessor-version":[{"id":1144,"href":"https:\/\/bellacura.de\/en\/wp-json\/wp\/v2\/pages\/1023\/revisions\/1144"}],"wp:attachment":[{"href":"https:\/\/bellacura.de\/en\/wp-json\/wp\/v2\/media?parent=1023"}],"curies":[{"name":"wp","href":"https:\/\/api.w.org\/{rel}","templated":true}]}}